{"id":960,"date":"2018-05-09T13:46:06","date_gmt":"2018-05-09T12:46:06","guid":{"rendered":"http:\/\/www.vicentaorquinabogada.com\/?page_id=960"},"modified":"2022-06-13T09:23:06","modified_gmt":"2022-06-13T08:23:06","slug":"cookies-policy","status":"publish","type":"page","link":"https:\/\/www.vicentaorquinabogada.com\/en\/cookies-policy\/","title":{"rendered":"Cookies Policy"},"content":{"rendered":"<h1 class=\"uppercase\"><strong>POL\u00cdTICA DE COOKIES<\/strong><\/h1>\n<div class=\"row\"  id=\"row-102564389\">\n\n\t<div id=\"col-1038396602\" class=\"col small-12 large-12\"  >\n\t\t\t\t<div class=\"col-inner\"  >\n\t\t\t\n\t\t\t\n<p>Una cookie es un peque\u00f1o archivo creado por un sitio de Internet para almacenar\u00a0informaci\u00f3n en tu equipo, como por ejemplo, las preferencias cuando se visita una\u00a0web. Cuando se accede a una p\u00e1gina Web que utiliza cookies, \u00e9sta solicita al\u00a0navegador que guarde una o m\u00e1s cookies en el disco duro.<br \/>\nLas cookies a menudo guardan la configuraci\u00f3n de los sitios web, como el idioma\u00a0preferido o la ubicaci\u00f3n.<br \/>\nAs\u00ed, cuando el usuario vuelve a esa p\u00e1gina Web, el navegador revisa las cookies\u00a0existentes, lo que le permite prestar servicios e informaci\u00f3n personalizada en funci\u00f3n<br \/>\nde las necesidades.<br \/>\nLas cookies tambi\u00e9n pueden llegar a guardar informaci\u00f3n que identifique\u00a0personalmente a los usuarios, sin embargo este sitio web no utiliza este tipo de\u00a0cookies, y solo tendr\u00e1 acceso a la informaci\u00f3n personal que proporciones a trav\u00e9s del\u00a0formulario de contacto.<br \/>\nSe puede cambiar la configuraci\u00f3n de cookies del navegador que utilizas, para que te\u00a0permita aprobar o rechazar autom\u00e1ticamente peticiones de almacenamiento de\u00a0cookies cuando se cierra el navegador y otras opciones adicionales.<br \/>\n<strong>Tipos de cookies que utiliza esta p\u00e1gina Web<\/strong><\/p>\n<p>Nuestra web utiliza los siguientes\u00a0tipos de cookies:<\/p>\n<div class=\"su-table\">\n<table width=\"100%\">\n<tbody>\n<tr class=\"su-even\">\n<td><\/td>\n<td><\/td>\n<td colspan=\"4\"><strong>TIPOS DE COOKIES<\/strong><\/td>\n<\/tr>\n<tr>\n<td><\/td>\n<td><\/td>\n<td><strong>Cookies\u00a0propias<\/strong><\/td>\n<td><strong>Cookies de\u00a0terceros<\/strong><\/td>\n<td><strong>Cookies de sesi\u00f3n<\/strong><\/td>\n<td><strong>Cookies\u00a0persistentes<\/strong><\/td>\n<\/tr>\n<tr class=\"su-even\">\n<td rowspan=\"5\"><strong>FINALIDAD<\/strong><\/td>\n<td><strong>Cookies t\u00e9cnicas<\/strong><\/td>\n<td>SI<\/td>\n<td>SI<\/td>\n<td>SI<\/td>\n<td>SI<\/td>\n<\/tr>\n<tr>\n<td><strong>Cookies de\u00a0personalizaci\u00f3n<\/strong><\/td>\n<td>NO<\/td>\n<td>NO<\/td>\n<td>NO<\/td>\n<td>NO<\/td>\n<\/tr>\n<tr class=\"su-even\">\n<td>\u00a0<strong>Cookies de an\u00e1lisis<\/strong><\/td>\n<td>SI<\/td>\n<td>SI<\/td>\n<td>SI<\/td>\n<td>SI<\/td>\n<\/tr>\n<tr>\n<td><strong>Cookies publicitarias<\/strong><\/td>\n<td>NO<\/td>\n<td>NO<\/td>\n<td>NO<\/td>\n<td>NO<\/td>\n<\/tr>\n<tr class=\"su-even\">\n<td><strong>Cookies\u00a0de publicidad comportamental<\/strong><\/td>\n<td>NO<\/td>\n<td>SI<\/td>\n<td>NO<\/td>\n<td>SI<\/td>\n<\/tr>\n<\/tbody>\n<\/table>\n<\/div>\n<p><strong>DE QUIENES SON LAS COOKIES QUE UTILIZAMOS:<\/strong><\/p>\n<p>Las cookies que utilizamos son de los\u00a0siguientes titulares:<\/p>\n<p>* vicentaorquinabogada.com son cookies t\u00e9cnicas y de seguridad propias de nuestra web para su buen\u00a0funcionamiento.<\/p>\n<p>* Google Analytics (de Google Inc.) con las que realizamos el an\u00e1lisis de la audiencia y\u00a0navegaci\u00f3n de nuestra que permite compartir contenido de la web en redes sociales. Esta\u00a0empresa puede utilizar estos datos para mejorar sus propios servicios y para ofrecer servicios a\u00a0otras empresas y mostrarte publicidad cuando navegues por internet en base a tu historial de\u00a0navegaci\u00f3n. Estas cookies tienen una duraci\u00f3n persistente y son necesarias para el correcto\u00a0funcionamiento de los complementos de Google. Estas cookies son _ga; _gat; PREF; NID; SID;\u00a0HSID; SSID; APISID; SAPISID.<\/p>\n<p><strong>Revocaci\u00f3n y eliminaci\u00f3n de Cookies<\/strong><br \/>\nPuedes configurar tu navegador para permitir, bloquear, eliminar o desactivar las\u00a0cookies instaladas en tu equipo, mediante la configuraci\u00f3n de las opciones del\u00a0navegador.\u00a0En caso que no permitas la instalaci\u00f3n de cookies en tu navegador es posible que no\u00a0puedas acceder a alguna de las secciones o funcionalidades de esta web. Para configurar el navegador, desactivar o administrar la instalaci\u00f3n de cookies, y que<br \/>\nde este modo se borren autom\u00e1ticamente una vez que se cierre el navegador, equipo\u00a0o dispositivo, puedes obtener m\u00e1s informaci\u00f3n haciendo \u201cclic\u201d en los siguientes\u00a0enlaces que te proporcionamos, en funci\u00f3n del navegador que utilices:<\/p>\n<p>A continuaci\u00f3n le mostramos mediante enlaces la forma de deshabilitar las cookies siguiendo\u00a0las instrucciones de los navegadores m\u00e1s utilizados:<\/p>\n<p>\u2022\u00a0<a href=\"http:\/\/windows.microsoft.com\/es-es\/windows-vista\/block-or-allow-cookies\" target=\"_blank\" rel=\"noopener noreferrer\">Internet Explorer<\/a><\/p>\n<p>\u2022\u00a0<a href=\"http:\/\/support.mozilla.org\/en-us\/kb\/cookies-information-websites-store-on-your-computer?redirectlocale=en-us&amp;redirectslug=cookies\" target=\"_blank\" rel=\"noopener noreferrer\">Mozilla Firefox<\/a><\/p>\n<p>\u2022\u00a0<a href=\"https:\/\/support.google.com\/chrome\/answer\/95647?hl=es\" target=\"_blank\" rel=\"noopener noreferrer\">Google Chrome<\/a><\/p>\n<p>\u2022 <a href=\"http:\/\/support.apple.com\/kb\/ph5042\" target=\"_blank\" rel=\"noopener noreferrer\">Safari<\/a><\/p>\n<p>\u2022\u00a0<a href=\"https:\/\/support.apple.com\/es-es\/HT201265\" target=\"_blank\" rel=\"noopener noreferrer\">Safari para IOS (iPhone y iPad)<\/a><\/p>\n<p>De forma general la mayor\u00eda de navegadores permite el acceso r\u00e1pido a la eliminaci\u00f3n\u00a0de los datos de navegaci\u00f3n, pulsando la secuencia de teclas Ctrl+Mayus+Supr,\u00a0pudi\u00e9ndose borrar las Cookies.<\/p>\n<p><strong>Actualizaci\u00f3n de nuestra Pol\u00edtica de Cookies<\/strong><br \/>\nEs posible que actualicemos nuestra Pol\u00edtica de Cookies en este sitio Web en funci\u00f3n\u00a0de exigencias legales o t\u00e9cnicas, por ello si lo deseas, aconsejamos que revise esta\u00a0pol\u00edtica en alguna ocasi\u00f3n, para estar adecuadamente informado sobre c\u00f3mo y para\u00a0qu\u00e9 usamos las cookies.<br \/>\n\u00daltima actualizaci\u00f3n: Octubre 2017.<\/p>\n<p><strong>SEGURIDAD DE LOS DATOS<\/strong><br \/>\nVicenta Orqu\u00edn Roig ha adoptado en su sistema de informaci\u00f3n las medidas t\u00e9cnicas y\u00a0organizativas legalmente requeridas, a fin de garantizar la seguridad y confidencialidad\u00a0de los datos almacenados, evitando as\u00ed, en la medida de lo posible, su alteraci\u00f3n,\u00a0p\u00e9rdida, tratamiento o acceso no autorizado.<\/p>\n<p><strong>DERECHOS DE LOS USUARIOS<\/strong><br \/>\nEn todo caso podr\u00e1 ejercitar los derechos de acceso, rectificaci\u00f3n, cancelaci\u00f3n y, en\u00a0su caso, oposici\u00f3n a su tratamiento, mediante solicitud acompa\u00f1ada de una copia del\u00a0D.N.I en la direcci\u00f3n de mail: info@vicentaorquinabogada.com.<\/p>\n<p><strong>C. LEGISLACI\u00d3N APLICABLE Y JURISDICCI\u00d3N<\/strong><br \/>\nLas presentes condiciones y t\u00e9rminos, se regir\u00e1n por las normas estatutarias,\u00a0reglamentarias y por la legislaci\u00f3n espa\u00f1ola, que ser\u00e1 de aplicaci\u00f3n en lo no dispuesto\u00a0en este aviso legal en materia de interpretaci\u00f3n, validez y ejecuci\u00f3n.\u00a0Las partes renuncian expresamente al fuero que les pudiera corresponder y someten\u00a0expresamente a los Juzgados y Tribunales de la ciudad de Valencia para resolver\u00a0cualquier controversia que pueda surgir en la interpretaci\u00f3n o ejecuci\u00f3n de las\u00a0presentes condiciones.<\/p>\n\t\t<\/div>\n\t\t\t\t\t<\/div>\n\n\t\n<\/div>\n","protected":false},"excerpt":{"rendered":"<p>POL\u00cdTICA DE COOKIES<\/p>\n","protected":false},"author":1,"featured_media":0,"parent":0,"menu_order":0,"comment_status":"closed","ping_status":"closed","template":"","meta":{"_monsterinsights_skip_tracking":false,"_monsterinsights_sitenote_active":false,"_monsterinsights_sitenote_note":"","_monsterinsights_sitenote_category":0,"footnotes":""},"class_list":["post-960","page","type-page","status-publish","hentry"],"_links":{"self":[{"href":"https:\/\/www.vicentaorquinabogada.com\/en\/wp-json\/wp\/v2\/pages\/960","targetHints":{"allow":["GET"]}}],"collection":[{"href":"https:\/\/www.vicentaorquinabogada.com\/en\/wp-json\/wp\/v2\/pages"}],"about":[{"href":"https:\/\/www.vicentaorquinabogada.com\/en\/wp-json\/wp\/v2\/types\/page"}],"author":[{"embeddable":true,"href":"https:\/\/www.vicentaorquinabogada.com\/en\/wp-json\/wp\/v2\/users\/1"}],"replies":[{"embeddable":true,"href":"https:\/\/www.vicentaorquinabogada.com\/en\/wp-json\/wp\/v2\/comments?post=960"}],"version-history":[{"count":2,"href":"https:\/\/www.vicentaorquinabogada.com\/en\/wp-json\/wp\/v2\/pages\/960\/revisions"}],"predecessor-version":[{"id":1005,"href":"https:\/\/www.vicentaorquinabogada.com\/en\/wp-json\/wp\/v2\/pages\/960\/revisions\/1005"}],"wp:attachment":[{"href":"https:\/\/www.vicentaorquinabogada.com\/en\/wp-json\/wp\/v2\/media?parent=960"}],"curies":[{"name":"wp","href":"https:\/\/api.w.org\/{rel}","templated":true}]}}