{"id":912,"date":"2018-05-09T12:54:04","date_gmt":"2018-05-09T11:54:04","guid":{"rendered":"http:\/\/www.vicentaorquinabogada.com\/?page_id=912"},"modified":"2022-06-13T09:23:54","modified_gmt":"2022-06-13T08:23:54","slug":"matrimonial-lawyer","status":"publish","type":"page","link":"https:\/\/www.vicentaorquinabogada.com\/en\/matrimonial-lawyer\/","title":{"rendered":"Matrimonial lawyer"},"content":{"rendered":"\n  <div class=\"banner has-hover\" id=\"banner-647824259\">\n          <div class=\"banner-inner fill\">\n        <div class=\"banner-bg fill\" >\n            <img loading=\"lazy\" decoding=\"async\" width=\"1020\" height=\"466\" src=\"https:\/\/www.vicentaorquinabogada.com\/wp-content\/uploads\/2018\/04\/vicenta-orquin-abogada-ibiza-1400x639.jpg\" class=\"bg attachment-large size-large\" alt=\"Abogada Vicenta Orqu\u00edn\" \/>                        <div class=\"overlay\"><\/div>            \n                    <\/div>\n\t\t\n        <div class=\"banner-layers container\">\n            <div class=\"fill banner-link\"><\/div>            \n   <div id=\"text-box-1423179763\" class=\"text-box banner-layer x50 md-x50 lg-x50 y50 md-y50 lg-y50 res-text\">\n                                <div class=\"text-box-content text dark\">\n              \n              <div class=\"text-inner text-center\">\n                  \n<h1>Matrimonial lawyer<\/h1>\n<p>Matrimonial lawyer in Ibiza and Formentera, Mediation as a means of resolving conflicts.<\/p>\n<div class=\"is-divider divider clearfix\" style=\"margin-top:10px;margin-bottom:10px;max-width:50px;background-color:rgb(193, 39, 46);\"><\/div>\n              <\/div>\n           <\/div>\n                            \n<style>\n#text-box-1423179763 {\n  width: 74%;\n}\n#text-box-1423179763 .text-box-content {\n  font-size: 100%;\n}\n@media (min-width:550px) {\n  #text-box-1423179763 {\n    width: 61%;\n  }\n}\n<\/style>\n    <\/div>\n \n        <\/div>\n      <\/div>\n\n            \n<style>\n#banner-647824259 {\n  padding-top: 201px;\n}\n#banner-647824259 .overlay {\n  background-color: rgba(0, 0, 0, 0.4);\n}\n#banner-647824259 .banner-bg img {\n  object-position: 50%60%;\n}\n<\/style>\n  <\/div>\n\n\n<div class=\"row row-collapse row-full-width\"  id=\"row-1681967512\">\n\n\t<div id=\"col-613006611\" class=\"col medium-6 small-12 large-6\"  >\n\t\t\t\t<div class=\"col-inner\"  >\n\t\t\t\n\t\t\t\n\n  <div class=\"banner has-hover\" id=\"banner-1022387515\">\n          <div class=\"banner-inner fill\">\n        <div class=\"banner-bg fill\" >\n                                                \n                    <\/div>\n\t\t\n        <div class=\"banner-layers container\">\n            <div class=\"fill banner-link\"><\/div>            \n   <div id=\"text-box-1895965245\" class=\"text-box banner-layer x50 md-x50 lg-x50 y50 md-y50 lg-y50 res-text\">\n                                <div class=\"text-box-content text dark\">\n              \n              <div class=\"text-inner text-left\">\n                  \n<h2><b>Matrimonial lawyer in Ibiza and Formentera<\/b><\/h2>\n<p><span style=\"font-size: 140%;\">a) <strong>Separation and Divorce proceedings for mutual agreement<\/strong> and contentious Divorce (where a mutual agreement has not been reached.)<\/span><\/p>\n<p><span style=\"font-size: 140%;\">b) <strong>Provisional Mediation service<\/strong>.<\/span><\/p>\n<p><span style=\"font-size: 140%;\">c) <strong>Adoption procedure measures for minors<\/strong> (under 18s) where partners are not married.<\/span><\/p>\n<p><span style=\"font-size: 140%;\">d) <strong>Changes to agreed court judgements<\/strong>.<\/span><\/p>\n<p><span style=\"font-size: 140%;\">e) <strong>Civil partnerships<\/strong>.<\/span><\/p>\n<p><span style=\"font-size: 140%;\">f) <strong>Claims for non-payment of maintenance<\/strong>.<\/span><\/p>\n<p><span style=\"font-size: 140%;\">g) <strong>Non- abidance of visiting rights<\/strong>.<\/span><\/p>\n<p><span style=\"font-size: 140%;\">h) <strong>Division of assets and finances<\/strong>.<\/span><\/p>\n<p><span style=\"font-size: 140%;\">i) <strong>Disability<\/strong>.<\/span><\/p>\n\t<div id=\"gap-1805666620\" class=\"gap-element clearfix\" style=\"display:block; height:auto;\">\n\t\t\n<style>\n#gap-1805666620 {\n  padding-top: 10px;\n}\n<\/style>\n\t<\/div>\n\t\n<a href=\"\/contacto-abogada-vicenta-orquin\/\" class=\"button white is-outline is-large\" style=\"border-radius:99px;\">\n\t\t<span>REQUEST INFORMATION<\/span>\n\t<\/a>\n\n              <\/div>\n           <\/div>\n                            \n<style>\n#text-box-1895965245 {\n  width: 85%;\n}\n#text-box-1895965245 .text-box-content {\n  font-size: 120%;\n}\n<\/style>\n    <\/div>\n \n        <\/div>\n      <\/div>\n\n            \n<style>\n#banner-1022387515 {\n  padding-top: 560px;\n  background-color: #831e27;\n}\n<\/style>\n  <\/div>\n\n\n\t\t<\/div>\n\t\t\t\t\t<\/div>\n\n\t\n\n\t<div id=\"col-2122868839\" class=\"col medium-6 small-12 large-6\"  >\n\t\t\t\t<div class=\"col-inner\"  >\n\t\t\t\n\t\t\t\n\n  <div class=\"banner has-hover\" id=\"banner-1333888680\">\n          <div class=\"banner-inner fill\">\n        <div class=\"banner-bg fill\" >\n                                                \n                    <\/div>\n\t\t\n        <div class=\"banner-layers container\">\n            <div class=\"fill banner-link\"><\/div>            \n   <div id=\"text-box-1336798991\" class=\"text-box banner-layer x95 md-x95 lg-x95 y10 md-y10 lg-y10 res-text\">\n                                <div class=\"text-box-content text \">\n              \n              <div class=\"text-inner text-left\">\n                  \n<h2><b>Mediation as a means of resolving conflicts<\/b><\/h2>\n<p><span style=\"font-weight: 400; font-size: 140%;\">La <strong>mediaci\u00f3n<\/strong> consiste en una t\u00e9cnica extra procesal para resolver conflictos, mediante la asistencia de un tercero, en este caso yo, que de forma neutral, objetiva e imparcial os ayudo a acercar posiciones seg\u00fan vuestros verdaderos intereses para conseguir un <strong>acuerdo beneficioso<\/strong> para todas las partes implicadas en el conflicto, <strong>alcanzando una soluci\u00f3n al problema<\/strong>. <\/span><\/p>\n<p><span style=\"font-weight: 400; font-size: 130%;\">Si llegas a un acuerdo a trav\u00e9s de la mediaci\u00f3n, desaparecen los procesos judiciales contenciosos y se evita un gran coste emocional y econ\u00f3mico a las partes implicadas.<\/span><\/p>\n\t<div id=\"gap-1368097805\" class=\"gap-element clearfix\" style=\"display:block; height:auto;\">\n\t\t\n<style>\n#gap-1368097805 {\n  padding-top: 30px;\n}\n<\/style>\n\t<\/div>\n\t\n<a href=\"\/contacto-abogada-vicenta-orquin\/\" class=\"button primary is-large\" style=\"border-radius:99px;\">\n\t\t<span>REQUEST INFORMATION<\/span>\n\t<\/a>\n\n              <\/div>\n           <\/div>\n                            \n<style>\n#text-box-1336798991 {\n  width: 81%;\n}\n#text-box-1336798991 .text-box-content {\n  font-size: 120%;\n}\n<\/style>\n    <\/div>\n \n   <div id=\"text-box-1263475170\" class=\"text-box banner-layer x50 md-x50 lg-x50 y90 md-y90 lg-y90 res-text\">\n                                <div class=\"text-box-content text dark\">\n              \n              <div class=\"text-inner text-left\">\n                  \n\t<div id=\"gap-34932481\" class=\"gap-element clearfix\" style=\"display:block; height:auto;\">\n\t\t\n<style>\n#gap-34932481 {\n  padding-top: 30px;\n}\n<\/style>\n\t<\/div>\n\t\n              <\/div>\n           <\/div>\n                            \n<style>\n#text-box-1263475170 {\n  width: 51%;\n}\n#text-box-1263475170 .text-box-content {\n  font-size: 100%;\n}\n<\/style>\n    <\/div>\n \n        <\/div>\n      <\/div>\n\n            \n<style>\n#banner-1333888680 {\n  padding-top: 560px;\n  background-color: rgb(255,255,255);\n}\n<\/style>\n  <\/div>\n\n\n\t\t<\/div>\n\t\t\t\t\t<\/div>\n\n\t\n\n\t<div id=\"col-348642455\" class=\"col medium-6 small-12 large-6\"  >\n\t\t\t\t<div class=\"col-inner\"  >\n\t\t\t\n\t\t\t\n\n  <div class=\"banner has-hover bg-overlay-remove-50\" id=\"banner-891224239\">\n          <div class=\"banner-inner fill\">\n        <div class=\"banner-bg fill\" >\n            <img loading=\"lazy\" decoding=\"async\" width=\"500\" height=\"334\" src=\"https:\/\/www.vicentaorquinabogada.com\/wp-content\/uploads\/2018\/04\/fotolia_66951856.jpg\" class=\"bg attachment-large size-large\" alt=\"\" \/>                                    \n                    <\/div>\n\t\t\n        <div class=\"banner-layers container\">\n            <div class=\"fill banner-link\"><\/div>            \n        <\/div>\n      <\/div>\n\n            \n<style>\n#banner-891224239 {\n  padding-top: 340px;\n}\n<\/style>\n  <\/div>\n\n\n\t\t<\/div>\n\t\t\t\t\t<\/div>\n\n\t\n\n\t<div id=\"col-425209653\" class=\"col medium-6 small-12 large-6\"  >\n\t\t\t\t<div class=\"col-inner\"  >\n\t\t\t\n\t\t\t\n\n  <div class=\"banner has-hover bg-overlay-remove-50\" id=\"banner-383144497\">\n          <div class=\"banner-inner fill\">\n        <div class=\"banner-bg fill\" >\n            <img loading=\"lazy\" decoding=\"async\" width=\"500\" height=\"334\" src=\"https:\/\/www.vicentaorquinabogada.com\/wp-content\/uploads\/2018\/04\/fotolia_144687957.jpg\" class=\"bg attachment-large size-large\" alt=\"\" \/>                                    \n                    <\/div>\n\t\t\n        <div class=\"banner-layers container\">\n            <div class=\"fill banner-link\"><\/div>            \n        <\/div>\n      <\/div>\n\n            \n<style>\n#banner-383144497 {\n  padding-top: 340px;\n}\n<\/style>\n  <\/div>\n\n\n\t\t<\/div>\n\t\t\t\t\t<\/div>\n\n\t\n<\/div>\n\n  <div class=\"banner has-hover\" id=\"banner-566421896\">\n          <div class=\"banner-inner fill\">\n        <div class=\"banner-bg fill\" >\n                                                \n                    <\/div>\n\t\t\n        <div class=\"banner-layers container\">\n            <div class=\"fill banner-link\"><\/div>            \n   <div id=\"text-box-748750664\" class=\"text-box banner-layer x5 md-x5 lg-x5 y50 md-y50 lg-y50 res-text\">\n                                <div class=\"text-box-content text dark\">\n              \n              <div class=\"text-inner text-left\">\n                  \n<h2><span style=\"font-size: 70%;\"><strong>Do you need a lawyer in Ibiza or Formentera?<\/strong><\/span><\/h2>\n\t<div id=\"gap-892926796\" class=\"gap-element clearfix\" style=\"display:block; height:auto;\">\n\t\t\n<style>\n#gap-892926796 {\n  padding-top: 10px;\n}\n<\/style>\n\t<\/div>\n\t\n              <\/div>\n           <\/div>\n                            \n<style>\n#text-box-748750664 {\n  width: 55%;\n}\n#text-box-748750664 .text-box-content {\n  font-size: 100%;\n}\n@media (min-width:550px) {\n  #text-box-748750664 {\n    width: 63%;\n  }\n}\n<\/style>\n    <\/div>\n \n   <div id=\"text-box-1954054159\" class=\"text-box banner-layer x95 md-x90 lg-x90 y50 md-y75 lg-y75 res-text\">\n                                <div class=\"text-box-content text dark\">\n              \n              <div class=\"text-inner text-center\">\n                  \n<a href=\"\/contacto-abogada-vicenta-orquin\/\" class=\"button white\" style=\"border-radius:99px;\">\n\t\t<span>CONTACT US<\/span>\n\t<\/a>\n\n              <\/div>\n           <\/div>\n                            \n<style>\n#text-box-1954054159 {\n  width: 33%;\n}\n#text-box-1954054159 .text-box-content {\n  font-size: 100%;\n}\n@media (min-width:550px) {\n  #text-box-1954054159 {\n    width: 25%;\n  }\n}\n<\/style>\n    <\/div>\n \n        <\/div>\n      <\/div>\n\n            \n<style>\n#banner-566421896 {\n  padding-top: 129px;\n  background-color: rgb(166, 44, 48);\n}\n<\/style>\n  <\/div>\n\n\n","protected":false},"excerpt":{"rendered":"","protected":false},"author":1,"featured_media":1009,"parent":0,"menu_order":0,"comment_status":"closed","ping_status":"closed","template":"page-blank.php","meta":{"_monsterinsights_skip_tracking":false,"_monsterinsights_sitenote_active":false,"_monsterinsights_sitenote_note":"","_monsterinsights_sitenote_category":0,"footnotes":""},"class_list":["post-912","page","type-page","status-publish","has-post-thumbnail","hentry"],"_links":{"self":[{"href":"https:\/\/www.vicentaorquinabogada.com\/en\/wp-json\/wp\/v2\/pages\/912","targetHints":{"allow":["GET"]}}],"collection":[{"href":"https:\/\/www.vicentaorquinabogada.com\/en\/wp-json\/wp\/v2\/pages"}],"about":[{"href":"https:\/\/www.vicentaorquinabogada.com\/en\/wp-json\/wp\/v2\/types\/page"}],"author":[{"embeddable":true,"href":"https:\/\/www.vicentaorquinabogada.com\/en\/wp-json\/wp\/v2\/users\/1"}],"replies":[{"embeddable":true,"href":"https:\/\/www.vicentaorquinabogada.com\/en\/wp-json\/wp\/v2\/comments?post=912"}],"version-history":[{"count":8,"href":"https:\/\/www.vicentaorquinabogada.com\/en\/wp-json\/wp\/v2\/pages\/912\/revisions"}],"predecessor-version":[{"id":1008,"href":"https:\/\/www.vicentaorquinabogada.com\/en\/wp-json\/wp\/v2\/pages\/912\/revisions\/1008"}],"wp:featuredmedia":[{"embeddable":true,"href":"https:\/\/www.vicentaorquinabogada.com\/en\/wp-json\/wp\/v2\/media\/1009"}],"wp:attachment":[{"href":"https:\/\/www.vicentaorquinabogada.com\/en\/wp-json\/wp\/v2\/media?parent=912"}],"curies":[{"name":"wp","href":"https:\/\/api.w.org\/{rel}","templated":true}]}}